{"id":2,"date":"2024-11-21T19:27:23","date_gmt":"2024-11-21T19:27:23","guid":{"rendered":"https:\/\/multi-industrias.com\/?page_id=2"},"modified":"2024-11-21T22:33:24","modified_gmt":"2024-11-21T22:33:24","slug":"sample-page","status":"publish","type":"page","link":"https:\/\/multi-industrias.com\/index.php\/sample-page\/","title":{"rendered":"Sobre Nosotros"},"content":{"rendered":"\n<p>Miguel Multi Industrias es una empresa salvadore\u00f1a comprometida con generar un impacto positivo en nuestra sociedad. Fundada con el prop\u00f3sito de brindar oportunidades, nos especializamos en maquilado textil y la confecci\u00f3n de uniformes empresariales, as\u00ed como en soluciones de empaque y embalaje.<\/p>\n\n\n\n<blockquote class=\"wp-block-quote is-layout-flow wp-block-quote-is-layout-flow\">\n<p>Creemos en las segundas oportunidades. Contratamos a personas artesanas, adultos mayores y j\u00f3venes en busca de su primer empleo, asegurando que nuestras puertas est\u00e9n abiertas para quienes muchas empresas cierran las suyas. Con un equipo diverso, promovemos la inclusi\u00f3n y demostramos que el talento no tiene edad ni l\u00edmites.<\/p>\n<\/blockquote>\n\n\n\n<p><\/p>\n\n\n\n<blockquote class=\"wp-block-quote is-layout-flow wp-block-quote-is-layout-flow\">\n<p>Cada prenda y proyecto que realizamos lleva el sello de la dedicaci\u00f3n de nuestros colaboradores, quienes encuentran en Miguel Multi Industrias no solo un trabajo, sino una familia. Nuestra responsabilidad social se refleja en el respeto por las personas y en el compromiso por construir un mejor futuro para nuestra comunidad..<\/p>\n<\/blockquote>\n\n\n\n<p>Todos te ofrecen calidad, pero en Miguel Multi Industrias no solo te la garantizamos, tambi\u00e9n la construimos con el esfuerzo de artesanos dedicados y un equipo comprometido, valorando a quienes hacen posible cada detalle con cuidado y excelencia.<\/p>\n\n\n\n<p><\/p>\n","protected":false},"excerpt":{"rendered":"<p>Miguel Multi Industrias es una empresa salvadore\u00f1a comprometida con generar un impacto positivo en nuestra sociedad. Fundada con el prop\u00f3sito de brindar oportunidades, nos especializamos en maquilado textil y la confecci\u00f3n de uniformes empresariales, as\u00ed como en soluciones de empaque y embalaje. Creemos en las segundas oportunidades. Contratamos a personas artesanas, adultos mayores y j\u00f3venes [&hellip;]<\/p>\n","protected":false},"author":1,"featured_media":0,"parent":0,"menu_order":0,"comment_status":"closed","ping_status":"open","template":"","meta":{"ocean_post_layout":"","ocean_both_sidebars_style":"","ocean_both_sidebars_content_width":0,"ocean_both_sidebars_sidebars_width":0,"ocean_sidebar":"","ocean_second_sidebar":"","ocean_disable_margins":"enable","ocean_add_body_class":"","ocean_shortcode_before_top_bar":"","ocean_shortcode_after_top_bar":"","ocean_shortcode_before_header":"","ocean_shortcode_after_header":"","ocean_has_shortcode":"","ocean_shortcode_after_title":"","ocean_shortcode_before_footer_widgets":"","ocean_shortcode_after_footer_widgets":"","ocean_shortcode_before_footer_bottom":"","ocean_shortcode_after_footer_bottom":"","ocean_display_top_bar":"default","ocean_display_header":"default","ocean_header_style":"","ocean_center_header_left_menu":"","ocean_custom_header_template":"","ocean_custom_logo":0,"ocean_custom_retina_logo":0,"ocean_custom_logo_max_width":0,"ocean_custom_logo_tablet_max_width":0,"ocean_custom_logo_mobile_max_width":0,"ocean_custom_logo_max_height":0,"ocean_custom_logo_tablet_max_height":0,"ocean_custom_logo_mobile_max_height":0,"ocean_header_custom_menu":"","ocean_menu_typo_font_family":"","ocean_menu_typo_font_subset":"","ocean_menu_typo_font_size":0,"ocean_menu_typo_font_size_tablet":0,"ocean_menu_typo_font_size_mobile":0,"ocean_menu_typo_font_size_unit":"px","ocean_menu_typo_font_weight":"","ocean_menu_typo_font_weight_tablet":"","ocean_menu_typo_font_weight_mobile":"","ocean_menu_typo_transform":"","ocean_menu_typo_transform_tablet":"","ocean_menu_typo_transform_mobile":"","ocean_menu_typo_line_height":0,"ocean_menu_typo_line_height_tablet":0,"ocean_menu_typo_line_height_mobile":0,"ocean_menu_typo_line_height_unit":"","ocean_menu_typo_spacing":0,"ocean_menu_typo_spacing_tablet":0,"ocean_menu_typo_spacing_mobile":0,"ocean_menu_typo_spacing_unit":"","ocean_menu_link_color":"","ocean_menu_link_color_hover":"","ocean_menu_link_color_active":"","ocean_menu_link_background":"","ocean_menu_link_hover_background":"","ocean_menu_link_active_background":"","ocean_menu_social_links_bg":"","ocean_menu_social_hover_links_bg":"","ocean_menu_social_links_color":"","ocean_menu_social_hover_links_color":"","ocean_disable_title":"default","ocean_disable_heading":"default","ocean_post_title":"","ocean_post_subheading":"","ocean_post_title_style":"","ocean_post_title_background_color":"","ocean_post_title_background":0,"ocean_post_title_bg_image_position":"","ocean_post_title_bg_image_attachment":"","ocean_post_title_bg_image_repeat":"","ocean_post_title_bg_image_size":"","ocean_post_title_height":0,"ocean_post_title_bg_overlay":0.5,"ocean_post_title_bg_overlay_color":"","ocean_disable_breadcrumbs":"default","ocean_breadcrumbs_color":"","ocean_breadcrumbs_separator_color":"","ocean_breadcrumbs_links_color":"","ocean_breadcrumbs_links_hover_color":"","ocean_display_footer_widgets":"default","ocean_display_footer_bottom":"default","ocean_custom_footer_template":"","footnotes":""},"class_list":["post-2","page","type-page","status-publish","hentry","entry"],"_links":{"self":[{"href":"https:\/\/multi-industrias.com\/index.php\/wp-json\/wp\/v2\/pages\/2","targetHints":{"allow":["GET"]}}],"collection":[{"href":"https:\/\/multi-industrias.com\/index.php\/wp-json\/wp\/v2\/pages"}],"about":[{"href":"https:\/\/multi-industrias.com\/index.php\/wp-json\/wp\/v2\/types\/page"}],"author":[{"embeddable":true,"href":"https:\/\/multi-industrias.com\/index.php\/wp-json\/wp\/v2\/users\/1"}],"replies":[{"embeddable":true,"href":"https:\/\/multi-industrias.com\/index.php\/wp-json\/wp\/v2\/comments?post=2"}],"version-history":[{"count":2,"href":"https:\/\/multi-industrias.com\/index.php\/wp-json\/wp\/v2\/pages\/2\/revisions"}],"predecessor-version":[{"id":54,"href":"https:\/\/multi-industrias.com\/index.php\/wp-json\/wp\/v2\/pages\/2\/revisions\/54"}],"wp:attachment":[{"href":"https:\/\/multi-industrias.com\/index.php\/wp-json\/wp\/v2\/media?parent=2"}],"curies":[{"name":"wp","href":"https:\/\/api.w.org\/{rel}","templated":true}]}}